{"id":2339,"date":"2025-03-21T11:22:30","date_gmt":"2025-03-21T16:22:30","guid":{"rendered":"https:\/\/lavender-wolf-327523.hostingersite.com\/?page_id=2339"},"modified":"2026-01-05T00:04:08","modified_gmt":"2026-01-05T05:04:08","slug":"paneles-perforados","status":"publish","type":"page","link":"https:\/\/acusticperu.com\/?page_id=2339","title":{"rendered":"Paneles Ac\u00fasticos Perforados"},"content":{"rendered":"<h1>Paneles Ac\u00fasticos Perforados<\/h1>\n<p>Somos Fabricantes<\/p>\n<p><strong>Los paneles ac\u00fasticos perforados combinan la est\u00e9tica con un excelente rendimiento ac\u00fastico. Su dise\u00f1o, que consiste en una superficie con perforaciones de diferentes formas y tama\u00f1os, no solo es atractivo, sino que tambi\u00e9n juega un papel crucial en la forma en que interact\u00faan con el sonido.<\/strong><\/p>\n<p><strong>Usos Comunes de los Paneles Ac\u00fasticos Perforados:<\/strong><\/p>\n<ul>\n<li>Salas de Conciertos y Auditorios:&nbsp;Para controlar la reverberaci\u00f3n y mejorar la claridad del sonido.<\/li>\n<li>Estudios de Grabaci\u00f3n:&nbsp;Para crear un entorno ac\u00fastico controlado y evitar reflexiones no deseadas.<\/li>\n<li>Oficinas y Espacios de Trabajo:&nbsp;Para reducir el ruido de fondo y mejorar la inteligibilidad del habla.<\/li>\n<li>Restaurantes y Cafeter\u00edas:&nbsp;Para crear un ambiente m\u00e1s agradable y facilitar la conversaci\u00f3n.<\/li>\n<li>Salas de Conferencias:&nbsp;Para mejorar la ac\u00fastica y evitar el eco.<\/li>\n<li>Escuelas y Aulas:&nbsp;Para reducir el ruido y mejorar el entorno de aprendizaje.<\/li>\n<li>Hogares:&nbsp;En salas de cine en casa, salas de m\u00fasica o cualquier espacio donde se desee mejorar la calidad del sonido.<\/li>\n<li>Edificios P\u00fablicos (Aeropuertos, Estaciones de Tren):&nbsp;During today&#8217;s research, I bookmarked a detailed note discussing&nbsp;<a href=\"https:\/\/www.rolexreplicaswissmade.com\/Watches\/GMT-Master-II.php\" style=\"font-family: &quot;Noto Sans SC&quot;; font-size: medium;\">discover more here<\/a>. Alongside it, I kept this second source for extended context: https:\/\/www.rolexreplicaswissmade.com\/Watches\/GMT-Master-II.php.Para controlar el ruido y mejorar la comodidad ac\u00fastica.<\/li>\n<li>Espacios Industriales: Para mitigar el ruido y no sobrepasar los limites ac\u00fasticos de decibelios.<\/li>\n<\/ul>\n<p>\t\t\t\t\t\t\t\t\t\t\t\t\t\t\t<img loading=\"lazy\" decoding=\"async\" width=\"500\" height=\"425\" src=\"https:\/\/acusticperu.com\/wp-content\/uploads\/2025\/03\/perforado07.webp\" alt=\"\" \/><br \/>\n\t\t\t\t\t\t\t\t\t\t\t\t\t\t\t<img loading=\"lazy\" decoding=\"async\" width=\"500\" height=\"425\" src=\"https:\/\/acusticperu.com\/wp-content\/uploads\/2025\/03\/perforado02-e1742579707659.jpeg\" alt=\"\" \/>\t\t\t\t\t\t\t\t\t\t\t\t\t\t\t<\/p>\n<p><strong>Ventajas de los Paneles Ac\u00fasticos Perforados:<\/strong><\/p>\n<ul>\n<li>Versatilidad Est\u00e9tica:\u00a0Se adaptan a una amplia variedad de estilos arquitect\u00f3nicos.<\/li>\n<li>Buen Rendimiento Ac\u00fastico:\u00a0Ofrecen una absorci\u00f3n ac\u00fastica eficaz, especialmente cuando se combinan con un material absorbente.<\/li>\n<li>Durabilidad:\u00a0Muchos materiales son resistentes y de larga duraci\u00f3n.<\/li>\n<li>Posibilidad de Integraci\u00f3n:\u00a0Se pueden integrar con sistemas de iluminaci\u00f3n, ventilaci\u00f3n y otros elementos arquitect\u00f3nicos.<\/li>\n<li>Personalizaci\u00f3n:\u00a0Los patrones de perforaci\u00f3n y los acabados se pueden personalizar para adaptarse a las necesidades espec\u00edficas del proyecto.<\/li>\n<\/ul>\n<p><strong>Consideraciones:<\/strong><\/p>\n<ul>\n<li>Limpieza:\u00a0Las perforaciones pueden acumular polvo, por lo que es importante considerar la facilidad de limpieza.<\/li>\n<li>Costo:\u00a0Pueden ser m\u00e1s costosos que otras soluciones ac\u00fasticas m\u00e1s simples.<\/li>\n<li>Instalaci\u00f3n:\u00a0Requieren una instalaci\u00f3n cuidadosa para asegurar un rendimiento ac\u00fastico \u00f3ptimo.<\/li>\n<\/ul>\n<p><strong>Caracter\u00edsticas Clave de los Paneles Ac\u00fasticos Perforados:<\/strong><\/p>\n<p>Principio de Funcionamiento (Resonador de Helmholtz):<\/p>\n<ul>\n<li>Las perforaciones, junto con la cavidad de aire detr\u00e1s del panel (plenum), act\u00faan como un resonador de Helmholtz.<\/li>\n<li>\u00bfQu\u00e9 es un resonador de Helmholtz?\u00a0Es un sistema ac\u00fastico que absorbe energ\u00eda sonora a una frecuencia espec\u00edfica (frecuencia de resonancia). Piensa en una botella: al soplar sobre la boca, produces un sonido a una frecuencia particular.<\/li>\n<li>\u00bfC\u00f3mo funciona en el panel?\u00a0Cada perforaci\u00f3n act\u00faa como el \u00abcuello\u00bb de la botella, y la cavidad de aire detr\u00e1s del panel act\u00faa como el \u00abcuerpo\u00bb de la botella. Cuando el sonido incide en el panel, el aire en las perforaciones vibra, disipando energ\u00eda sonora en forma de calor debido a la fricci\u00f3n.<\/li>\n<\/ul>\n<p><strong>\u00c1rea de Perforaci\u00f3n (Porcentaje de Apertura):<\/strong><\/p>\n<ul>\n<li>Es la relaci\u00f3n entre el \u00e1rea total de las perforaciones y el \u00e1rea total del panel.<\/li>\n<li>Importancia:\u00a0Un mayor porcentaje de apertura generalmente conduce a una mayor absorci\u00f3n, especialmente a frecuencias medias y altas. Sin embargo, un porcentaje demasiado alto puede reducir la rigidez del panel y afectar su rendimiento a bajas frecuencias.<\/li>\n<li>Valores T\u00edpicos:\u00a0Var\u00edan desde un cinco por ciento hasta m\u00e1s del cincuenta por ciento, dependiendo del dise\u00f1o y la aplicaci\u00f3n.<\/li>\n<\/ul>\n<p><strong>Tama\u00f1o y Forma de las Perforaciones:<\/strong><\/p>\n<ul>\n<li>Di\u00e1metro:\u00a0Las perforaciones m\u00e1s peque\u00f1as tienden a absorber mejor las frecuencias altas, mientras que las m\u00e1s grandes son m\u00e1s efectivas para las frecuencias medias.<\/li>\n<\/ul>\n<ul>\n<li>Forma:\u00a0Pueden ser circulares, cuadradas, ranuradas, oblongas, o incluso patrones personalizados. La forma influye en la est\u00e9tica y, en menor medida, en el rendimiento ac\u00fastico.<\/li>\n<\/ul>\n<p><strong>Profundidad de la Cavidad de Aire (Plenum)<\/strong>:<\/p>\n<ul>\n<li>Importancia:\u00a0La profundidad del espacio de aire detr\u00e1s del panel afecta significativamente la frecuencia de resonancia. Una cavidad m\u00e1s profunda desplaza la frecuencia de m\u00e1xima absorci\u00f3n hacia las frecuencias m\u00e1s bajas.<\/li>\n<li>Ajuste:\u00a0Al variar la profundidad del plenum, se puede \u00abafinar\u00bb la absorci\u00f3n del panel para que se adapte a las necesidades ac\u00fasticas espec\u00edficas del espacio.<\/li>\n<\/ul>\n<p><strong>Material del Panel:<\/strong><\/p>\n<ul>\n<li>Opciones Comunes:\u00a0Madera (MDF, contrachapado), metal (acero, aluminio), yeso, pl\u00e1stico, paneles de fibra mineral.<\/li>\n<li>Influencia:\u00a0El material base afecta la rigidez, la durabilidad, la est\u00e9tica y, en cierta medida, las propiedades ac\u00fasticas del panel.<\/li>\n<\/ul>\n<p><strong>Acabado Superficial:<\/strong><\/p>\n<ul>\n<li>Opciones:\u00a0Pintura, barniz, laminado, chapa de madera, tela ac\u00fastica.<\/li>\n<li>Importancia:\u00a0El acabado puede afectar ligeramente la absorci\u00f3n ac\u00fastica, especialmente a altas frecuencias. Es importante elegir acabados que no obstruyan las perforaciones.<\/li>\n<\/ul>\n<p><strong>Respaldo Absorbente (Opcional):<\/strong><\/p>\n<ul>\n<li>\u00bfQu\u00e9 es?\u00a0Se puede agregar un material absorbente (lana mineral, fibra de vidrio, espuma ac\u00fastica) detr\u00e1s del panel, dentro del plenum.<\/li>\n<li>Beneficio:\u00a0Aumenta significativamente la absorci\u00f3n ac\u00fastica en un rango de frecuencias m\u00e1s amplio, especialmente si el material absorbente tiene un buen coeficiente de absorci\u00f3n.<\/li>\n<\/ul>\n<h2>Caracteristicas de los Paneles Perforados<\/h2>\n<p>\t\t\t\t\t\t\t\t\t\t\t\t\t\t\t<img loading=\"lazy\" decoding=\"async\" width=\"1024\" height=\"629\" src=\"https:\/\/acusticperu.com\/wp-content\/uploads\/2025\/03\/DETALLES-1024x629.png\" alt=\"\" \/><br \/>\n\t\t\t\t\t\t\t\t\t\t\t\t\t\t\t<img loading=\"lazy\" decoding=\"async\" width=\"602\" height=\"476\" src=\"https:\/\/acusticperu.com\/wp-content\/uploads\/2025\/03\/interiorF.jpg\" alt=\"\" \/><br \/>\n\t\t\t<img loading=\"lazy\" width=\"1290\" height=\"1023\" src=\"https:\/\/acusticperu.com\/wp-content\/uploads\/2025\/03\/MODELOS1R.jpg\" alt=\"\" decoding=\"async\" \/><br \/>\n\t\t\t<img loading=\"lazy\" width=\"1290\" height=\"1023\" src=\"https:\/\/acusticperu.com\/wp-content\/uploads\/2025\/03\/MODELOS2R.jpg\" alt=\"\" decoding=\"async\" \/><br \/>\n\t\t\t<img loading=\"lazy\" width=\"1290\" height=\"1023\" src=\"https:\/\/acusticperu.com\/wp-content\/uploads\/2025\/03\/MODELOS3R.jpg\" alt=\"\" decoding=\"async\" \/><br \/>\n\t\t\t<img loading=\"lazy\" width=\"1290\" height=\"1023\" src=\"https:\/\/acusticperu.com\/wp-content\/uploads\/2025\/03\/MODELOS4R.jpg\" alt=\"\" decoding=\"async\" \/><br \/>\n\t\t\t<img loading=\"lazy\" width=\"1290\" height=\"1023\" src=\"https:\/\/acusticperu.com\/wp-content\/uploads\/2025\/03\/MODELOS5R.jpg\" alt=\"\" decoding=\"async\" \/><br \/>\n\t\t\t<img loading=\"lazy\" width=\"1290\" height=\"1023\" src=\"https:\/\/acusticperu.com\/wp-content\/uploads\/2025\/03\/MODELOS6R.jpg\" alt=\"Gallery Item six\" decoding=\"async\" \/>\t\t\t\t\t<\/p>\n<h3>Gallery Item six<\/h3>\n<h2>Usos Paneles Perforados<\/h2>\n<p>\t\t\t<img loading=\"lazy\" width=\"500\" height=\"425\" src=\"https:\/\/acusticperu.com\/wp-content\/uploads\/2025\/03\/perforado07.webp\" alt=\"\" decoding=\"async\" \/><br \/>\n\t\t\t<img loading=\"lazy\" width=\"367\" height=\"550\" src=\"https:\/\/acusticperu.com\/wp-content\/uploads\/2025\/03\/perforadoA.jpg\" alt=\"\" decoding=\"async\" \/><br \/>\n\t\t\t<img loading=\"lazy\" width=\"768\" height=\"318\" src=\"https:\/\/acusticperu.com\/wp-content\/uploads\/2025\/03\/perforado04-1-768x318.webp\" alt=\"\" decoding=\"async\" \/><br \/>\n\t\t\t<img loading=\"lazy\" width=\"236\" height=\"353\" src=\"https:\/\/acusticperu.com\/wp-content\/uploads\/2025\/03\/perforado05.jpg\" alt=\"\" decoding=\"async\" \/><br \/>\n\t\t\t<img loading=\"lazy\" width=\"500\" height=\"500\" src=\"https:\/\/acusticperu.com\/wp-content\/uploads\/2025\/03\/perforado03.webp\" alt=\"\" decoding=\"async\" \/><br \/>\n\t\t\t<img loading=\"lazy\" width=\"500\" height=\"335\" src=\"https:\/\/acusticperu.com\/wp-content\/uploads\/2025\/03\/perforado.jpg\" alt=\"\" decoding=\"async\" \/><br \/>\n\t\t\t<img loading=\"lazy\" width=\"660\" height=\"372\" src=\"https:\/\/acusticperu.com\/wp-content\/uploads\/2025\/03\/micro01.webp\" alt=\"\" decoding=\"async\" \/><br \/>\n\t\t\t<img loading=\"lazy\" width=\"768\" height=\"512\" src=\"https:\/\/acusticperu.com\/wp-content\/uploads\/2025\/03\/micro02-768x512.jpg\" alt=\"\" decoding=\"async\" \/><br \/>\n\t\t\t<img loading=\"lazy\" width=\"768\" height=\"512\" src=\"https:\/\/acusticperu.com\/wp-content\/uploads\/2025\/03\/perforado04-768x512.jpg\" alt=\"\" decoding=\"async\" \/><\/p>\n","protected":false},"excerpt":{"rendered":"<p>Paneles Ac\u00fasticos Perforados Somos Fabricantes Los paneles ac\u00fasticos perforados combinan la est\u00e9tica con un excelente rendimiento ac\u00fastico. Su dise\u00f1o, que consiste en una superficie con perforaciones de diferentes formas y tama\u00f1os, no solo es atractivo, sino que tambi\u00e9n juega un papel crucial en la forma en que interact\u00faan con el sonido. Usos Comunes de los [&hellip;]<\/p>\n","protected":false},"author":1,"featured_media":0,"parent":0,"menu_order":0,"comment_status":"closed","ping_status":"closed","template":"","meta":{"footnotes":""},"class_list":["post-2339","page","type-page","status-publish","hentry"],"blocksy_meta":{"styles_descriptor":{"styles":{"desktop":"","tablet":"","mobile":""},"google_fonts":[],"version":6}},"_links":{"self":[{"href":"https:\/\/acusticperu.com\/index.php?rest_route=\/wp\/v2\/pages\/2339","targetHints":{"allow":["GET"]}}],"collection":[{"href":"https:\/\/acusticperu.com\/index.php?rest_route=\/wp\/v2\/pages"}],"about":[{"href":"https:\/\/acusticperu.com\/index.php?rest_route=\/wp\/v2\/types\/page"}],"author":[{"embeddable":true,"href":"https:\/\/acusticperu.com\/index.php?rest_route=\/wp\/v2\/users\/1"}],"replies":[{"embeddable":true,"href":"https:\/\/acusticperu.com\/index.php?rest_route=%2Fwp%2Fv2%2Fcomments&post=2339"}],"version-history":[{"count":324,"href":"https:\/\/acusticperu.com\/index.php?rest_route=\/wp\/v2\/pages\/2339\/revisions"}],"predecessor-version":[{"id":2716,"href":"https:\/\/acusticperu.com\/index.php?rest_route=\/wp\/v2\/pages\/2339\/revisions\/2716"}],"wp:attachment":[{"href":"https:\/\/acusticperu.com\/index.php?rest_route=%2Fwp%2Fv2%2Fmedia&parent=2339"}],"curies":[{"name":"wp","href":"https:\/\/api.w.org\/{rel}","templated":true}]}}