{"id":1290,"date":"2021-12-22T14:27:24","date_gmt":"2021-12-22T14:27:24","guid":{"rendered":"https:\/\/startersites.io\/elementor\/homi\/?page_id=1290"},"modified":"2025-04-09T14:11:13","modified_gmt":"2025-04-09T19:11:13","slug":"contacto","status":"publish","type":"page","link":"https:\/\/acusticperu.com\/?page_id=1290","title":{"rendered":"Contacto"},"content":{"rendered":"<h1>Cont\u00e1ctanos<\/h1>\n<h3>Cu\u00e9ntanos como podemos apoyarte?<\/h3>\n<p>\t\t\t\t<svg aria-hidden=\"true\" viewBox=\"0 0 384 512\" xmlns=\"http:\/\/www.w3.org\/2000\/svg\"><path d=\"M172.268 501.67C26.97 291.031 0 269.413 0 192 0 85.961 85.961 0 192 0s192 85.961 192 192c0 77.413-26.97 99.031-172.268 309.67-9.535 13.774-29.93 13.773-39.464 0zM192 272c44.183 0 80-35.817 80-80s-35.817-80-80-80-80 35.817-80 80 35.817 80 80 80z\"><\/path><\/svg>\t\t\t\t<\/p>\n<h3>\n\t\t\t\t\t\t\tDirecci\u00f3n<br \/>\n\t\t\t\t\t<\/h3>\n<p>\n\t\t\t\t\t\tCalle Jos\u00e9 Manuel Iturregui 1000-A<br \/>\nSurquillo, LIMA 15047\t\t\t\t\t<\/p>\n<p>\t\t\t\t<a href=\"http:\/\/area_comercial@acusticperu.com\" target=\"_blank\" tabindex=\"-1\" aria-label=\"Email\"><br \/>\n\t\t\t\t<svg aria-hidden=\"true\" viewBox=\"0 0 512 512\" xmlns=\"http:\/\/www.w3.org\/2000\/svg\"><path d=\"M502.3 190.8c3.9-3.1 9.7-.2 9.7 4.7V400c0 26.5-21.5 48-48 48H48c-26.5 0-48-21.5-48-48V195.6c0-5 5.7-7.8 9.7-4.7 22.4 17.4 52.1 39.5 154.1 113.6 21.1 15.4 56.7 47.8 92.2 47.6 35.7.3 72-32.8 92.3-47.6 102-74.1 131.6-96.3 154-113.7zM256 320c23.2.4 56.6-29.2 73.4-41.4 132.7-96.3 142.8-104.7 173.4-128.7 5.8-4.5 9.2-11.5 9.2-18.9v-19c0-26.5-21.5-48-48-48H48C21.5 64 0 85.5 0 112v19c0 7.4 3.4 14.3 9.2 18.9 30.6 23.9 40.7 32.4 173.4 128.7 16.8 12.2 50.2 41.8 73.4 41.4z\"><\/path><\/svg>\t\t\t\t<\/a><\/p>\n<h3>\n\t\t\t\t\t\t<a href=\"http:\/\/area_comercial@acusticperu.com\" target=\"_blank\" ><br \/>\n\t\t\t\t\t\t\tEmail\t\t\t\t\t\t<\/a><br \/>\n\t\t\t\t\t<\/h3>\n<p>\n\t\t\t\t\t\tarea_comercial@acusticperu.com <br \/>\narea_administrativa@acusticperu.com\t\t\t\t\t<\/p>\n<p>\t\t\t\t<svg aria-hidden=\"true\" viewBox=\"0 0 512 512\" xmlns=\"http:\/\/www.w3.org\/2000\/svg\"><path d=\"M497.39 361.8l-112-48a24 24 0 0 0-28 6.9l-49.6 60.6A370.66 370.66 0 0 1 130.6 204.11l60.6-49.6a23.94 23.94 0 0 0 6.9-28l-48-112A24.16 24.16 0 0 0 122.6.61l-104 24A24 24 0 0 0 0 48c0 256.5 207.9 464 464 464a24 24 0 0 0 23.4-18.6l24-104a24.29 24.29 0 0 0-14.01-27.6z\"><\/path><\/svg>\t\t\t\t<\/p>\n<h3>\n\t\t\t\t\t\t\tTel\u00e9fonos<br \/>\n\t\t\t\t\t<\/h3>\n<p>\n\t\t\t\t\t\t+51 &#8211; 996 572 314 <br \/>\n+51 &#8211; 999 694 103\t\t\t\t\t<\/p>\n<h2>Env\u00edanos un mensaje<\/h2>\n<form id=\"wpforms-form-246\" data-formid=\"246\" method=\"post\" enctype=\"multipart\/form-data\" action=\"\/wp-admin\/admin-ajax.php\" data-token=\"8de55e40eca66d32a2c7637bc2d96854\" data-token-time=\"1744225873\"><noscript>Please enable JavaScript in your browser to complete this form.<\/noscript>Please enable JavaScript in your browser to complete this form.<label for=\"wpforms-246-field_0\" aria-hidden=\"false\">Nombre *<\/label><input type=\"text\" id=\"wpforms-246-field_0\" name=\"wpforms[fields][0]\" placeholder=\"Nombres *\" aria-errormessage=\"wpforms-246-field_0-error\" required><label for=\"wpforms-246-field_1\" aria-hidden=\"false\">Email *<\/label><input type=\"email\" id=\"wpforms-246-field_1\" name=\"wpforms[fields][1]\" placeholder=\"Email *\" spellcheck=\"false\" aria-errormessage=\"wpforms-246-field_1-error\" required><label for=\"wpforms-246-field_3\" aria-hidden=\"false\">Motivo<\/label><input type=\"text\" id=\"wpforms-246-field_3\" name=\"wpforms[fields][3]\" placeholder=\"Motivo *\" aria-errormessage=\"wpforms-246-field_3-error\" ><label for=\"wpforms-246-field_2\" aria-hidden=\"false\">Mensaje *<\/label><textarea id=\"wpforms-246-field_2\" name=\"wpforms[fields][2]\" placeholder=\"Mensaje *\" aria-errormessage=\"wpforms-246-field_2-error\" required><\/textarea><!-- .wpforms-field-container --><input type=\"hidden\" name=\"wpforms[id]\" value=\"246\">\t\t\t<input\n\t\t\t\ttype=\"hidden\"\n\t\t\t\tname=\"wpforms[nonce]\"\n\t\t\t\tvalue=\"4c8f0c0a6a\"\n\t\t\t\/><br \/>\n\t\t\t<input type=\"hidden\" name=\"page_title\" value=\"{page_title}\"><input type=\"hidden\" name=\"page_url\" value=\"http:\/\/page_url\"><input type=\"hidden\" name=\"url_referer\" value=\"http:\/\/url_referer\"><button type=\"submit\" name=\"wpforms[submit]\" id=\"wpforms-submit-246\" data-alt-text=\"Sending...\" data-submit-text=\"Enviar Mensaje\" aria-live=\"assertive\" value=\"wpforms-submit\">Enviar Mensaje<\/button><\/form>\n<p>  <!-- .wpforms-container -->\t\t<\/p>\n<h2>Suscr\u00edbete a nuestro bolet\u00edn<br \/>\n<\/h2>\n<p>Te invitamos a suscribirte y as\u00ed estar informado de las Novedades y Tips que necesitas para tus proyectos.<\/p>\n<form id=\"wpforms-form-136\" data-formid=\"136\" method=\"post\" enctype=\"multipart\/form-data\" action=\"\/wp-admin\/admin-ajax.php\" data-token=\"3f77b260005e8f493e16b618945f34d1\" data-token-time=\"1744225873\"><noscript>Please enable JavaScript in your browser to complete this form.<\/noscript>Please enable JavaScript in your browser to complete this form.<label for=\"wpforms-136-field_1\" aria-hidden=\"false\">Email *<\/label><input type=\"email\" id=\"wpforms-136-field_1\" name=\"wpforms[fields][1]\" placeholder=\"Tu direcci\u00f3n Email\" spellcheck=\"false\" aria-errormessage=\"wpforms-136-field_1-error\" required><!-- .wpforms-field-container --><input type=\"hidden\" name=\"wpforms[id]\" value=\"136\">\t\t\t<input\n\t\t\t\ttype=\"hidden\"\n\t\t\t\tname=\"wpforms[nonce]\"\n\t\t\t\tvalue=\"4313092504\"\n\t\t\t\/><br \/>\n\t\t\t<input type=\"hidden\" name=\"page_title\" value=\"{page_title}\"><input type=\"hidden\" name=\"page_url\" value=\"http:\/\/page_url\"><input type=\"hidden\" name=\"url_referer\" value=\"http:\/\/url_referer\"><button type=\"submit\" name=\"wpforms[submit]\" id=\"wpforms-submit-136\" data-alt-text=\"Sending...\" data-submit-text=\"Subscribir\" aria-live=\"assertive\" value=\"wpforms-submit\">Subscribir<\/button><\/form>\n<p>  <!-- .wpforms-container -->\t\t<\/p>\n<h1><a href=\"https:\/\/lavender-wolf-327523.hostingersite.com\/?page_id=4597\">\u00bfQuieres saber mas sobre Ac\u00fastica?<\/a><\/h1>\n","protected":false},"excerpt":{"rendered":"<p>Cont\u00e1ctanos Cu\u00e9ntanos como podemos apoyarte? Direcci\u00f3n Calle Jos\u00e9 Manuel Iturregui 1000-A Surquillo, LIMA 15047 Email area_comercial@acusticperu.com area_administrativa@acusticperu.com Tel\u00e9fonos +51 &#8211; 996 572 314 +51 &#8211; 999 694 103 Env\u00edanos un mensaje Please enable JavaScript in your browser to complete this form.Please enable JavaScript in your browser to complete this form.Nombre *Email *MotivoMensaje * Enviar Mensaje [&hellip;]<\/p>\n","protected":false},"author":1,"featured_media":0,"parent":0,"menu_order":0,"comment_status":"closed","ping_status":"closed","template":"","meta":{"footnotes":""},"class_list":["post-1290","page","type-page","status-publish","hentry"],"blocksy_meta":{"styles_descriptor":{"styles":{"desktop":"","tablet":"","mobile":""},"google_fonts":[],"version":6}},"_links":{"self":[{"href":"https:\/\/acusticperu.com\/index.php?rest_route=\/wp\/v2\/pages\/1290","targetHints":{"allow":["GET"]}}],"collection":[{"href":"https:\/\/acusticperu.com\/index.php?rest_route=\/wp\/v2\/pages"}],"about":[{"href":"https:\/\/acusticperu.com\/index.php?rest_route=\/wp\/v2\/types\/page"}],"author":[{"embeddable":true,"href":"https:\/\/acusticperu.com\/index.php?rest_route=\/wp\/v2\/users\/1"}],"replies":[{"embeddable":true,"href":"https:\/\/acusticperu.com\/index.php?rest_route=%2Fwp%2Fv2%2Fcomments&post=1290"}],"version-history":[{"count":127,"href":"https:\/\/acusticperu.com\/index.php?rest_route=\/wp\/v2\/pages\/1290\/revisions"}],"predecessor-version":[{"id":4963,"href":"https:\/\/acusticperu.com\/index.php?rest_route=\/wp\/v2\/pages\/1290\/revisions\/4963"}],"wp:attachment":[{"href":"https:\/\/acusticperu.com\/index.php?rest_route=%2Fwp%2Fv2%2Fmedia&parent=1290"}],"curies":[{"name":"wp","href":"https:\/\/api.w.org\/{rel}","templated":true}]}}